{"id":160,"date":"2023-07-05T23:17:39","date_gmt":"2023-07-05T23:17:39","guid":{"rendered":"https:\/\/musicanaturacolors.com\/?page_id=160"},"modified":"2024-07-01T13:31:13","modified_gmt":"2024-07-01T13:31:13","slug":"preus-musica-natura-colors","status":"publish","type":"page","link":"https:\/\/musicanaturacolors.com\/index.php\/preus-musica-natura-colors\/","title":{"rendered":"Preus M\u00fasica, Natura &#038; Colors"},"content":{"rendered":"<div class=\"wp-block-image\">\n<figure class=\"aligncenter size-full is-resized\"><img loading=\"lazy\" decoding=\"async\" width=\"1239\" height=\"1754\" src=\"https:\/\/musicanaturacolors.com\/wp-content\/uploads\/2024\/07\/preus-escoleta-24-25.jpg\" alt=\"\" class=\"wp-image-409\" style=\"width:655px;height:auto\" srcset=\"https:\/\/musicanaturacolors.com\/wp-content\/uploads\/2024\/07\/preus-escoleta-24-25.jpg 1239w, https:\/\/musicanaturacolors.com\/wp-content\/uploads\/2024\/07\/preus-escoleta-24-25-212x300.jpg 212w, https:\/\/musicanaturacolors.com\/wp-content\/uploads\/2024\/07\/preus-escoleta-24-25-723x1024.jpg 723w, https:\/\/musicanaturacolors.com\/wp-content\/uploads\/2024\/07\/preus-escoleta-24-25-768x1087.jpg 768w, https:\/\/musicanaturacolors.com\/wp-content\/uploads\/2024\/07\/preus-escoleta-24-25-1085x1536.jpg 1085w\" sizes=\"auto, (max-width: 1239px) 100vw, 1239px\" \/><\/figure>\n<\/div>\n\n\n<p><sub>Preu de matr\u00edcula Anual 35\u20ac i 25\u20ac pel segon membre familiar. Els preus s\u00f3n per instrument individual (piano, guitarra, saxo, baix, bateria, flauta&#8230;) o classes grupals (Cor, instruments, combos, llenguatges, mini-m\u00fasics, m\u00fasica en fam\u00edlia). <\/sub><\/p>\n\n\n\n<p><sub>El preu de la quota ser\u00e0 mensual, independentment de al quantitat de dies laborals i festius, \u00e9s a dir, en un mes poden variar les sessions, mantenint una mitja de 3&#8217;6 classes mensuals i garantint 36 sessions en un calendari escolar (10 mesos) de setembre a juny. <\/sub><\/p>\n\n\n\n<p><sub>Si vols rebre m\u00e9s informaci\u00f3 sobre preus, horaris, o saber com funcionem, deixa el teu missatge!<\/sub><\/p>\n\n\n\n<div class=\"wp-block-contact-form-7-contact-form-selector\">\n<div class=\"wpcf7 no-js\" id=\"wpcf7-f47-o1\" lang=\"es-ES\" dir=\"ltr\">\n<div class=\"screen-reader-response\"><p role=\"status\" aria-live=\"polite\" aria-atomic=\"true\"><\/p> <ul><\/ul><\/div>\n<form action=\"\/index.php\/wp-json\/wp\/v2\/pages\/160#wpcf7-f47-o1\" method=\"post\" class=\"wpcf7-form init\" aria-label=\"Formulario de contacto\" novalidate=\"novalidate\" data-status=\"init\">\n<div style=\"display: none;\">\n<input type=\"hidden\" name=\"_wpcf7\" value=\"47\" \/>\n<input type=\"hidden\" name=\"_wpcf7_version\" value=\"5.7.7\" \/>\n<input type=\"hidden\" name=\"_wpcf7_locale\" value=\"es_ES\" \/>\n<input type=\"hidden\" name=\"_wpcf7_unit_tag\" value=\"wpcf7-f47-o1\" \/>\n<input type=\"hidden\" name=\"_wpcf7_container_post\" value=\"0\" \/>\n<input type=\"hidden\" name=\"_wpcf7_posted_data_hash\" value=\"\" \/>\n<\/div>\n<p><label> El teu nom<br \/>\n<span class=\"wpcf7-form-control-wrap\" data-name=\"your-name\"><input size=\"40\" class=\"wpcf7-form-control wpcf7-text wpcf7-validates-as-required\" autocomplete=\"name\" aria-required=\"true\" aria-invalid=\"false\" value=\"\" type=\"text\" name=\"your-name\" \/><\/span> <\/label>\n<\/p>\n<p><label> e-mail<br \/>\n<span class=\"wpcf7-form-control-wrap\" data-name=\"your-email\"><input size=\"40\" class=\"wpcf7-form-control wpcf7-text wpcf7-email wpcf7-validates-as-required wpcf7-validates-as-email\" autocomplete=\"email\" aria-required=\"true\" aria-invalid=\"false\" value=\"\" type=\"email\" name=\"your-email\" \/><\/span> <\/label>\n<\/p>\n<p><label> assumpte<br \/>\n<span class=\"wpcf7-form-control-wrap\" data-name=\"your-assumpte\"><input size=\"40\" class=\"wpcf7-form-control wpcf7-text wpcf7-validates-as-required\" autocomplete=\"assumpte\" aria-required=\"true\" aria-invalid=\"false\" value=\"\" type=\"text\" name=\"your-assumpte\" \/><\/span> <\/label>\n<\/p>\n<p><label> El teu missatge<br \/>\n<span class=\"wpcf7-form-control-wrap\" data-name=\"your-message\"><textarea cols=\"40\" rows=\"10\" class=\"wpcf7-form-control wpcf7-textarea\" aria-invalid=\"false\" name=\"your-message\"><\/textarea><\/span> <\/label>\n<\/p>\n<p><input class=\"wpcf7-form-control has-spinner wpcf7-submit\" type=\"submit\" value=\"Enviar\" \/>\n<\/p><div class=\"wpcf7-response-output\" aria-hidden=\"true\"><\/div>\n<\/form>\n<\/div>\n<\/div>\n\n\n\n<p><\/p>\n\n\n\n<p><\/p>\n\n\n\n<p><\/p>\n","protected":false},"excerpt":{"rendered":"<p>Preu de matr\u00edcula Anual 35\u20ac i 25\u20ac pel segon membre familiar. Els preus s\u00f3n per instrument individual (piano, guitarra, saxo, &hellip; <\/p>\n","protected":false},"author":1,"featured_media":0,"parent":0,"menu_order":0,"comment_status":"closed","ping_status":"closed","template":"","meta":{"footnotes":""},"class_list":["post-160","page","type-page","status-publish","hentry"],"_links":{"self":[{"href":"https:\/\/musicanaturacolors.com\/index.php\/wp-json\/wp\/v2\/pages\/160","targetHints":{"allow":["GET"]}}],"collection":[{"href":"https:\/\/musicanaturacolors.com\/index.php\/wp-json\/wp\/v2\/pages"}],"about":[{"href":"https:\/\/musicanaturacolors.com\/index.php\/wp-json\/wp\/v2\/types\/page"}],"author":[{"embeddable":true,"href":"https:\/\/musicanaturacolors.com\/index.php\/wp-json\/wp\/v2\/users\/1"}],"replies":[{"embeddable":true,"href":"https:\/\/musicanaturacolors.com\/index.php\/wp-json\/wp\/v2\/comments?post=160"}],"version-history":[{"count":23,"href":"https:\/\/musicanaturacolors.com\/index.php\/wp-json\/wp\/v2\/pages\/160\/revisions"}],"predecessor-version":[{"id":418,"href":"https:\/\/musicanaturacolors.com\/index.php\/wp-json\/wp\/v2\/pages\/160\/revisions\/418"}],"wp:attachment":[{"href":"https:\/\/musicanaturacolors.com\/index.php\/wp-json\/wp\/v2\/media?parent=160"}],"curies":[{"name":"wp","href":"https:\/\/api.w.org\/{rel}","templated":true}]}}