{"id":213,"date":"2023-07-06T07:52:16","date_gmt":"2023-07-06T07:52:16","guid":{"rendered":"https:\/\/musicanaturacolors.com\/?page_id=213"},"modified":"2025-12-13T11:14:51","modified_gmt":"2025-12-13T11:14:51","slug":"qui-som","status":"publish","type":"page","link":"https:\/\/musicanaturacolors.com\/","title":{"rendered":"Qui som?"},"content":{"rendered":"\n<p>M\u00fasica, Natura &amp; Colors \u00e9s una entitat de M\u00fasica, Art i Creaci\u00f3 ubicada a Dosrius, on duem a terme el nostre projecte educatiu i art\u00edstic.<\/p>\n\n\n\n<figure class=\"wp-block-gallery alignleft has-nested-images columns-default is-cropped wp-block-gallery-1 is-layout-flex wp-block-gallery-is-layout-flex\">\n<figure class=\"wp-block-image size-large\"><img loading=\"lazy\" decoding=\"async\" width=\"768\" height=\"1024\" data-id=\"178\" src=\"https:\/\/musicanaturacolors.com\/wp-content\/uploads\/2023\/07\/Janis-al-pou-de-glac-768x1024.jpg\" alt=\"\" class=\"wp-image-178\" srcset=\"https:\/\/musicanaturacolors.com\/wp-content\/uploads\/2023\/07\/Janis-al-pou-de-glac-768x1024.jpg 768w, https:\/\/musicanaturacolors.com\/wp-content\/uploads\/2023\/07\/Janis-al-pou-de-glac-225x300.jpg 225w, https:\/\/musicanaturacolors.com\/wp-content\/uploads\/2023\/07\/Janis-al-pou-de-glac-1152x1536.jpg 1152w, https:\/\/musicanaturacolors.com\/wp-content\/uploads\/2023\/07\/Janis-al-pou-de-glac-1536x2048.jpg 1536w, https:\/\/musicanaturacolors.com\/wp-content\/uploads\/2023\/07\/Janis-al-pou-de-glac-scaled.jpg 1920w\" sizes=\"auto, (max-width: 768px) 100vw, 768px\" \/><\/figure>\n<\/figure>\n\n\n\n<p>La nostra filosofia es basa en l&#8217;exploraci\u00f3 de l&#8217;art i la transformaci\u00f3 que exerceix aquest en el desenvolupament hum\u00e0. La vida sense art no tindria sentit i \u00e9s necessari per a l&#8217;evoluci\u00f3 cultural, tant individual com col\u00b7lectiva.<\/p>\n\n\n\n<p>Molts dels que ens coneixen saben de la nostra implicaci\u00f3 en el m\u00f3n de les arts, les m\u00fasiques i les lletres, com tamb\u00e9 del nostre car\u00e0cter multidisciplinari, amb cert bagatge art\u00edstic i una \u00e0mplia xarxa cultural, en col\u00b7laboraci\u00f3 amb altres entitats i artistes, oferint un ventall ampli de possibilitats creatives a trav\u00e9s d&#8217;activitats socioculturals, classes i tallers.<\/p>\n\n\n\n<p>Amb el nostre projecte posem en marxa iniciatives que ja hem anat treballant a trav\u00e9s dels anys, sigui en projectes independents o institucionals, i per a tots els p\u00fablics, tant per infants, joves i adults.&nbsp;<\/p>\n\n\n\n<p>Des de la nostra il\u00b7lusi\u00f3 i independ\u00e8ncia, ara \u00e9s el moment d&#8217;oferir un projecte art\u00edstic amb un munt de possibilitats plenes de M\u00fasica, Natura i Colors.<\/p>\n\n\n\n<figure class=\"wp-block-image size-large\"><img loading=\"lazy\" decoding=\"async\" width=\"1024\" height=\"448\" src=\"http:\/\/musicanaturacolors.com\/wp-content\/uploads\/2024\/07\/LOGO-IVAN-COLOR-OK-01-1024x448.png\" alt=\"\" class=\"wp-image-419\" srcset=\"https:\/\/musicanaturacolors.com\/wp-content\/uploads\/2024\/07\/LOGO-IVAN-COLOR-OK-01-1024x448.png 1024w, https:\/\/musicanaturacolors.com\/wp-content\/uploads\/2024\/07\/LOGO-IVAN-COLOR-OK-01-300x131.png 300w, https:\/\/musicanaturacolors.com\/wp-content\/uploads\/2024\/07\/LOGO-IVAN-COLOR-OK-01-768x336.png 768w, https:\/\/musicanaturacolors.com\/wp-content\/uploads\/2024\/07\/LOGO-IVAN-COLOR-OK-01.png 1485w\" sizes=\"auto, (max-width: 1024px) 100vw, 1024px\" \/><\/figure>\n\n\n\n<div class=\"wp-block-contact-form-7-contact-form-selector\">\n<div class=\"wpcf7 no-js\" id=\"wpcf7-f47-o1\" lang=\"es-ES\" dir=\"ltr\">\n<div class=\"screen-reader-response\"><p role=\"status\" aria-live=\"polite\" aria-atomic=\"true\"><\/p> <ul><\/ul><\/div>\n<form action=\"\/index.php\/wp-json\/wp\/v2\/pages\/213#wpcf7-f47-o1\" method=\"post\" class=\"wpcf7-form init\" aria-label=\"Formulario de contacto\" novalidate=\"novalidate\" data-status=\"init\">\n<div style=\"display: none;\">\n<input type=\"hidden\" name=\"_wpcf7\" value=\"47\" \/>\n<input type=\"hidden\" name=\"_wpcf7_version\" value=\"5.7.7\" \/>\n<input type=\"hidden\" name=\"_wpcf7_locale\" value=\"es_ES\" \/>\n<input type=\"hidden\" name=\"_wpcf7_unit_tag\" value=\"wpcf7-f47-o1\" \/>\n<input type=\"hidden\" name=\"_wpcf7_container_post\" value=\"0\" \/>\n<input type=\"hidden\" name=\"_wpcf7_posted_data_hash\" value=\"\" \/>\n<\/div>\n<p><label> El teu nom<br \/>\n<span class=\"wpcf7-form-control-wrap\" data-name=\"your-name\"><input size=\"40\" class=\"wpcf7-form-control wpcf7-text wpcf7-validates-as-required\" autocomplete=\"name\" aria-required=\"true\" aria-invalid=\"false\" value=\"\" type=\"text\" name=\"your-name\" \/><\/span> <\/label>\n<\/p>\n<p><label> e-mail<br \/>\n<span class=\"wpcf7-form-control-wrap\" data-name=\"your-email\"><input size=\"40\" class=\"wpcf7-form-control wpcf7-text wpcf7-email wpcf7-validates-as-required wpcf7-validates-as-email\" autocomplete=\"email\" aria-required=\"true\" aria-invalid=\"false\" value=\"\" type=\"email\" name=\"your-email\" \/><\/span> <\/label>\n<\/p>\n<p><label> assumpte<br \/>\n<span class=\"wpcf7-form-control-wrap\" data-name=\"your-assumpte\"><input size=\"40\" class=\"wpcf7-form-control wpcf7-text wpcf7-validates-as-required\" autocomplete=\"assumpte\" aria-required=\"true\" aria-invalid=\"false\" value=\"\" type=\"text\" name=\"your-assumpte\" \/><\/span> <\/label>\n<\/p>\n<p><label> El teu missatge<br \/>\n<span class=\"wpcf7-form-control-wrap\" data-name=\"your-message\"><textarea cols=\"40\" rows=\"10\" class=\"wpcf7-form-control wpcf7-textarea\" aria-invalid=\"false\" name=\"your-message\"><\/textarea><\/span> <\/label>\n<\/p>\n<p><input class=\"wpcf7-form-control has-spinner wpcf7-submit\" type=\"submit\" value=\"Enviar\" \/>\n<\/p><div class=\"wpcf7-response-output\" aria-hidden=\"true\"><\/div>\n<\/form>\n<\/div>\n<\/div>\n","protected":false},"excerpt":{"rendered":"<p>M\u00fasica, Natura &amp; Colors \u00e9s una entitat de M\u00fasica, Art i Creaci\u00f3 ubicada a Dosrius, on duem a terme el &hellip; <\/p>\n","protected":false},"author":1,"featured_media":0,"parent":0,"menu_order":0,"comment_status":"closed","ping_status":"closed","template":"","meta":{"footnotes":""},"class_list":["post-213","page","type-page","status-publish","hentry"],"_links":{"self":[{"href":"https:\/\/musicanaturacolors.com\/index.php\/wp-json\/wp\/v2\/pages\/213","targetHints":{"allow":["GET"]}}],"collection":[{"href":"https:\/\/musicanaturacolors.com\/index.php\/wp-json\/wp\/v2\/pages"}],"about":[{"href":"https:\/\/musicanaturacolors.com\/index.php\/wp-json\/wp\/v2\/types\/page"}],"author":[{"embeddable":true,"href":"https:\/\/musicanaturacolors.com\/index.php\/wp-json\/wp\/v2\/users\/1"}],"replies":[{"embeddable":true,"href":"https:\/\/musicanaturacolors.com\/index.php\/wp-json\/wp\/v2\/comments?post=213"}],"version-history":[{"count":3,"href":"https:\/\/musicanaturacolors.com\/index.php\/wp-json\/wp\/v2\/pages\/213\/revisions"}],"predecessor-version":[{"id":566,"href":"https:\/\/musicanaturacolors.com\/index.php\/wp-json\/wp\/v2\/pages\/213\/revisions\/566"}],"wp:attachment":[{"href":"https:\/\/musicanaturacolors.com\/index.php\/wp-json\/wp\/v2\/media?parent=213"}],"curies":[{"name":"wp","href":"https:\/\/api.w.org\/{rel}","templated":true}]}}