{"id":218,"date":"2023-07-10T13:51:27","date_gmt":"2023-07-10T13:51:27","guid":{"rendered":"https:\/\/musicanaturacolors.com\/?page_id=218"},"modified":"2023-08-12T11:59:05","modified_gmt":"2023-08-12T11:59:05","slug":"art-i-mans","status":"publish","type":"page","link":"https:\/\/musicanaturacolors.com\/index.php\/art-i-mans\/","title":{"rendered":"Art i Mans"},"content":{"rendered":"\n<blockquote class=\"wp-block-quote is-layout-flow wp-block-quote-is-layout-flow\">\n<p>\u00abLes mans tenen m\u00faltiples experi\u00e8ncies que es converteixen en c\u00e0psules d&#8217;informaci\u00f3 que viatgen al nostre cervell, es transformen en idees, es retroalimenten i tota aquesta informaci\u00f3 hi torna a viatjar per fer-les m\u00e9s s\u00e0vies. Com a \u00e9ssers humans, comencem a con\u00e8ixer el m\u00f3n a trav\u00e9s de les mans i amb elles no nom\u00e9s constru\u00efm coses f\u00edsiques, constru\u00efm coneixement\u00bb.<\/p>\n<\/blockquote>\n\n\n<div class=\"wp-block-image\">\n<figure class=\"alignleft size-large is-resized\"><img loading=\"lazy\" decoding=\"async\" src=\"http:\/\/musicanaturacolors.com\/wp-content\/uploads\/2023\/07\/art-i-mans-edit-1024x1024.jpg\" alt=\"\" class=\"wp-image-220\" style=\"width:182px;height:182px\" width=\"182\" height=\"182\" srcset=\"https:\/\/musicanaturacolors.com\/wp-content\/uploads\/2023\/07\/art-i-mans-edit-1024x1024.jpg 1024w, https:\/\/musicanaturacolors.com\/wp-content\/uploads\/2023\/07\/art-i-mans-edit-300x300.jpg 300w, https:\/\/musicanaturacolors.com\/wp-content\/uploads\/2023\/07\/art-i-mans-edit-150x150.jpg 150w, https:\/\/musicanaturacolors.com\/wp-content\/uploads\/2023\/07\/art-i-mans-edit-768x768.jpg 768w, https:\/\/musicanaturacolors.com\/wp-content\/uploads\/2023\/07\/art-i-mans-edit-1536x1536.jpg 1536w, https:\/\/musicanaturacolors.com\/wp-content\/uploads\/2023\/07\/art-i-mans-edit-2048x2048.jpg 2048w, https:\/\/musicanaturacolors.com\/wp-content\/uploads\/2023\/07\/art-i-mans-edit-70x70.jpg 70w, https:\/\/musicanaturacolors.com\/wp-content\/uploads\/2023\/07\/art-i-mans-edit-246x246.jpg 246w, https:\/\/musicanaturacolors.com\/wp-content\/uploads\/2023\/07\/art-i-mans-edit-276x276.jpg 276w, https:\/\/musicanaturacolors.com\/wp-content\/uploads\/2023\/07\/art-i-mans-edit-125x125.jpg 125w\" sizes=\"auto, (max-width: 182px) 100vw, 182px\" \/><\/figure>\n<\/div>\n\n\n<p>Estem preparant el taller \u2018Art i Mans\u2019 pel curs 2023-24! <\/p>\n\n\n\n<p>Ben aviat tindreu not\u00edcies sobre aquesta activitat grupal d\u2019una hora a la setmana. Si voleu rebre informaci\u00f3, escriu-nos a trav\u00e9s del formulari i molt aviat ens posarem en contacte amb vosaltres.<\/p>\n\n\n\n<p>Que no parin les arts!<\/p>\n\n\n\n<p><sub><strong>Taller &#8216;Art i Mans&#8217; tots els dijous de les 16:30 fins a les 18h. A partir de l&#8217;octubre. Entre 5 i 10 anys. Preu 30eu\/mes.<\/strong><\/sub> <\/p>\n\n\n\n<div class=\"wp-block-contact-form-7-contact-form-selector\">\n<div class=\"wpcf7 no-js\" id=\"wpcf7-f47-o1\" lang=\"es-ES\" dir=\"ltr\">\n<div class=\"screen-reader-response\"><p role=\"status\" aria-live=\"polite\" aria-atomic=\"true\"><\/p> <ul><\/ul><\/div>\n<form action=\"\/index.php\/wp-json\/wp\/v2\/pages\/218#wpcf7-f47-o1\" method=\"post\" class=\"wpcf7-form init\" aria-label=\"Formulario de contacto\" novalidate=\"novalidate\" data-status=\"init\">\n<div style=\"display: none;\">\n<input type=\"hidden\" name=\"_wpcf7\" value=\"47\" \/>\n<input type=\"hidden\" name=\"_wpcf7_version\" value=\"5.7.7\" \/>\n<input type=\"hidden\" name=\"_wpcf7_locale\" value=\"es_ES\" \/>\n<input type=\"hidden\" name=\"_wpcf7_unit_tag\" value=\"wpcf7-f47-o1\" \/>\n<input type=\"hidden\" name=\"_wpcf7_container_post\" value=\"0\" \/>\n<input type=\"hidden\" name=\"_wpcf7_posted_data_hash\" value=\"\" \/>\n<\/div>\n<p><label> El teu nom<br \/>\n<span class=\"wpcf7-form-control-wrap\" data-name=\"your-name\"><input size=\"40\" class=\"wpcf7-form-control wpcf7-text wpcf7-validates-as-required\" autocomplete=\"name\" aria-required=\"true\" aria-invalid=\"false\" value=\"\" type=\"text\" name=\"your-name\" \/><\/span> <\/label>\n<\/p>\n<p><label> e-mail<br \/>\n<span class=\"wpcf7-form-control-wrap\" data-name=\"your-email\"><input size=\"40\" class=\"wpcf7-form-control wpcf7-text wpcf7-email wpcf7-validates-as-required wpcf7-validates-as-email\" autocomplete=\"email\" aria-required=\"true\" aria-invalid=\"false\" value=\"\" type=\"email\" name=\"your-email\" \/><\/span> <\/label>\n<\/p>\n<p><label> assumpte<br \/>\n<span class=\"wpcf7-form-control-wrap\" data-name=\"your-assumpte\"><input size=\"40\" class=\"wpcf7-form-control wpcf7-text wpcf7-validates-as-required\" autocomplete=\"assumpte\" aria-required=\"true\" aria-invalid=\"false\" value=\"\" type=\"text\" name=\"your-assumpte\" \/><\/span> <\/label>\n<\/p>\n<p><label> El teu missatge<br \/>\n<span class=\"wpcf7-form-control-wrap\" data-name=\"your-message\"><textarea cols=\"40\" rows=\"10\" class=\"wpcf7-form-control wpcf7-textarea\" aria-invalid=\"false\" name=\"your-message\"><\/textarea><\/span> <\/label>\n<\/p>\n<p><input class=\"wpcf7-form-control has-spinner wpcf7-submit\" type=\"submit\" value=\"Enviar\" \/>\n<\/p><div class=\"wpcf7-response-output\" aria-hidden=\"true\"><\/div>\n<\/form>\n<\/div>\n<\/div>\n","protected":false},"excerpt":{"rendered":"<p>\u00abLes mans tenen m\u00faltiples experi\u00e8ncies que es converteixen en c\u00e0psules d&#8217;informaci\u00f3 que viatgen al nostre cervell, es transformen en idees, &hellip; <\/p>\n","protected":false},"author":1,"featured_media":0,"parent":0,"menu_order":0,"comment_status":"closed","ping_status":"closed","template":"","meta":{"footnotes":""},"class_list":["post-218","page","type-page","status-publish","hentry"],"_links":{"self":[{"href":"https:\/\/musicanaturacolors.com\/index.php\/wp-json\/wp\/v2\/pages\/218","targetHints":{"allow":["GET"]}}],"collection":[{"href":"https:\/\/musicanaturacolors.com\/index.php\/wp-json\/wp\/v2\/pages"}],"about":[{"href":"https:\/\/musicanaturacolors.com\/index.php\/wp-json\/wp\/v2\/types\/page"}],"author":[{"embeddable":true,"href":"https:\/\/musicanaturacolors.com\/index.php\/wp-json\/wp\/v2\/users\/1"}],"replies":[{"embeddable":true,"href":"https:\/\/musicanaturacolors.com\/index.php\/wp-json\/wp\/v2\/comments?post=218"}],"version-history":[{"count":30,"href":"https:\/\/musicanaturacolors.com\/index.php\/wp-json\/wp\/v2\/pages\/218\/revisions"}],"predecessor-version":[{"id":298,"href":"https:\/\/musicanaturacolors.com\/index.php\/wp-json\/wp\/v2\/pages\/218\/revisions\/298"}],"wp:attachment":[{"href":"https:\/\/musicanaturacolors.com\/index.php\/wp-json\/wp\/v2\/media?parent=218"}],"curies":[{"name":"wp","href":"https:\/\/api.w.org\/{rel}","templated":true}]}}