{"id":646,"date":"2026-03-05T10:48:19","date_gmt":"2026-03-05T10:48:19","guid":{"rendered":"https:\/\/musicanaturacolors.com\/?page_id=646"},"modified":"2026-03-05T11:01:14","modified_gmt":"2026-03-05T11:01:14","slug":"dj-live-set","status":"publish","type":"page","link":"https:\/\/musicanaturacolors.com\/index.php\/dj-live-set\/","title":{"rendered":"Dj Live Set"},"content":{"rendered":"\n<p>Cada cop s&#8217;estila m\u00e9s la versi\u00f3 Dj Live Set per esdeveniments p\u00fablics i privats, podent oferir un nivell de m\u00fasica de qualitat, de grans \u00e8xits de sempre, actuals o ja siguin m\u00fasiques remesclades, on el paper dels instrumentistes en directe com un saxo, guitarra o percussi\u00f3 interactuen amb el disc-joquei, fins i tot oferint ambd\u00f3s vessants, com a punxa discos i m\u00fasic en directe amb un sol int\u00e8rpret.\u00a0<\/p>\n\n\n\n<figure class=\"wp-block-embed is-type-video is-provider-youtube wp-block-embed-youtube wp-embed-aspect-9-16 wp-has-aspect-ratio\"><div class=\"wp-block-embed__wrapper\">\n<iframe loading=\"lazy\" title=\"Dj Live Sax\" width=\"563\" height=\"1000\" src=\"https:\/\/www.youtube.com\/embed\/BQsRbzqBQxk?feature=oembed\" frameborder=\"0\" allow=\"accelerometer; autoplay; clipboard-write; encrypted-media; gyroscope; picture-in-picture; web-share\" referrerpolicy=\"strict-origin-when-cross-origin\" allowfullscreen><\/iframe>\n<\/div><\/figure>\n\n\n\n<figure class=\"wp-block-embed is-type-video is-provider-youtube wp-block-embed-youtube wp-embed-aspect-9-16 wp-has-aspect-ratio\"><div class=\"wp-block-embed__wrapper\">\n<iframe loading=\"lazy\" title=\"Summer Vibes... #saxophone #djliveset #keyboard\" width=\"563\" height=\"1000\" src=\"https:\/\/www.youtube.com\/embed\/a4X-6l93kdY?feature=oembed\" frameborder=\"0\" allow=\"accelerometer; autoplay; clipboard-write; encrypted-media; gyroscope; picture-in-picture; web-share\" referrerpolicy=\"strict-origin-when-cross-origin\" allowfullscreen><\/iframe>\n<\/div><\/figure>\n","protected":false},"excerpt":{"rendered":"<p>Cada cop s&#8217;estila m\u00e9s la versi\u00f3 Dj Live Set per esdeveniments p\u00fablics i privats, podent oferir un nivell de m\u00fasica &hellip; <\/p>\n","protected":false},"author":1,"featured_media":0,"parent":0,"menu_order":0,"comment_status":"closed","ping_status":"closed","template":"","meta":{"footnotes":""},"class_list":["post-646","page","type-page","status-publish","hentry"],"_links":{"self":[{"href":"https:\/\/musicanaturacolors.com\/index.php\/wp-json\/wp\/v2\/pages\/646","targetHints":{"allow":["GET"]}}],"collection":[{"href":"https:\/\/musicanaturacolors.com\/index.php\/wp-json\/wp\/v2\/pages"}],"about":[{"href":"https:\/\/musicanaturacolors.com\/index.php\/wp-json\/wp\/v2\/types\/page"}],"author":[{"embeddable":true,"href":"https:\/\/musicanaturacolors.com\/index.php\/wp-json\/wp\/v2\/users\/1"}],"replies":[{"embeddable":true,"href":"https:\/\/musicanaturacolors.com\/index.php\/wp-json\/wp\/v2\/comments?post=646"}],"version-history":[{"count":9,"href":"https:\/\/musicanaturacolors.com\/index.php\/wp-json\/wp\/v2\/pages\/646\/revisions"}],"predecessor-version":[{"id":658,"href":"https:\/\/musicanaturacolors.com\/index.php\/wp-json\/wp\/v2\/pages\/646\/revisions\/658"}],"wp:attachment":[{"href":"https:\/\/musicanaturacolors.com\/index.php\/wp-json\/wp\/v2\/media?parent=646"}],"curies":[{"name":"wp","href":"https:\/\/api.w.org\/{rel}","templated":true}]}}